{"id":4987,"date":"2016-05-05T13:37:13","date_gmt":"2016-05-05T11:37:13","guid":{"rendered":"http:\/\/busidiomas.com\/cursos-escolares\/?page_id=4987"},"modified":"2016-05-25T17:33:23","modified_gmt":"2016-05-25T15:33:23","slug":"servicios-bus","status":"publish","type":"page","link":"https:\/\/busidiomas.com\/cursos-adultos\/servicios-bus\/","title":{"rendered":"Servicios BUS"},"content":{"rendered":"<p><strong>\u00bfPorqu\u00e9 BUS?<\/strong><br \/>\n\u2026porque hablar ingl\u00e9s es una necesidad para cualquier carrera y no hablarlo es una clara barrera hacia el \u00e9xito<br \/>\n\u2026porque en BUS te facilitamos todos los servicios necesarios para llevarlo a cabo<br \/>\n\u2026porque BUS es de las pocas agencias que conoce todas las escuelas en persona<br \/>\n\u2026porque BUS garantiza el mismo precio que ofrece cada escuela por las clases, alojamiento, etc.<br \/>\n\u2026porque aprender un idioma en el extranjero es fundamental para dominarlo<\/p>\n<p><strong>Calidad por excelencia<\/strong><br \/>\nEl mercado ofrece innumerables escuelas cursos, pero un bajo porcentaje es de calidad o acierta con tus necesidades. En BUS somos conscientes del esfuerzo que significa aprender un idioma y por eso damos gran valor a un personalizado asesoramiento y a un curso de calidad, factores que adquieren especial importancia cuando el tiempo es limitado. La contrataci\u00f3n de un curso inadecuado tiene un alto coste. Todos los programas que ofrece BUS han sido auditados y seleccionados personalmente entre los miles que hay por miembros del equipo directivo que los visita peri\u00f3dicamente escogiendo aquellos que cumplen los est\u00e1ndares de calidad en la ense\u00f1anza, el alojamiento, las actividades, la reputaci\u00f3n, el reconocimiento de organismos de calidad, la rotaci\u00f3n del profesorado, las cuotas limitadas de hispanohablantes, el ambiente de alumnos y profesores, el entusiasmo que se respira, la seriedad, la seguridad y, sobre todo, la capacidad resolutiva y la experiencia que nos han demostrado a lo largo de los a\u00f1os. Los programas que reducen su calidad, empeoran su funcionamiento o, simplemente desv\u00edan su enfoque hacia la cantidad, son eliminados de nuestra selecci\u00f3n.<\/p>\n<p><strong>Servicios de BUS<\/strong><br \/>\nAsesoramiento profesional<br \/>\nSolicitudes de plaza en escuelas<br \/>\nMatriculaci\u00f3n en escuela y curso elegido<br \/>\nReservas y contrataci\u00f3n del alojamiento, vuelos, traslados, etc\u2026<br \/>\nGesti\u00f3n y comisiones de pagos internacionales<br \/>\nTipo de cambio de la divisa asegurado<br \/>\nTramitaci\u00f3n de la documentaci\u00f3n necesaria<br \/>\nDossier informativo con todos los detalles<\/p>\n<p><strong>Aprender en el extranjero<\/strong><br \/>\nEn el extranjero se acelera el aprendizaje del idioma, cada momento es m\u00e1s efectivo y entretenido. Significa una verdadera diferencia con respecto recibir clases en tu pa\u00eds. La verdadera evoluci\u00f3n se obtiene en el entorno, desconectando del trabajo o la vida diaria, hablando el idioma de forma permanente, corrigiendo con el profesor, asimilando, compartiendo tiempo con extranjeros en el restaurante, en la familia, en el hotel, al escuchar la radio, al transportarse, etc. Es una inmersi\u00f3n total en el idioma; fundamental para evolucionar.<\/p>\n<p><strong>\u00bfCual es tu perfil?<\/strong><br \/>\n*He alcanzado un puesto importante y necesito tener una base s\u00f3lida de idioma.<br \/>\n*Tengo poco tiempo y necesito un curso para aprender lo m\u00e1ximo en el menor tiempo posible.<br \/>\n*Me exigen un examen o un determinado nivel para acceder a unos estudios o puesto de trabajo.<br \/>\n*Me trasladan a otro pa\u00eds pero tengo carencias en el idioma.<br \/>\n*Estoy en el sector aeron\u00e1utico, m\u00e9dico,\u2026 y necesito superar el nivel que me exige la profesi\u00f3n.<br \/>\n*Trabajo en una empresa internacional y necesito mejorar las presentaciones, negociaciones, etc.<br \/>\n*Quiero mejorar \u00e1reas concretas como conversaci\u00f3n, reducci\u00f3n de acento, etc.<br \/>\n*Busco un curso de ingles combinado con fotograf\u00eda, m\u00fasica, moda, cine, historia, baile,\u2026.<br \/>\n*Soy estudiante y quiero completar mi formaci\u00f3n aprendiendo ingl\u00e9s y haciendo unas pr\u00e1cticas.<\/p>\n<p>Ya seas un joven estudiante, universitario, profesional, ejecutivo o quieras irte con tu familia al extranjero, te ayudaremos a encontrar el curso que se adapte a tus necesidades espec\u00edficas, seg\u00fan tu objetivo, tiempo disponible, perfil personal y profesional, nivel de idioma, etc.<\/p>\n<p><strong>Seguro de viaje<\/strong><br \/>\nBUS ofrece en todos sus programas un seguro de accidente, enfermedad, responsabilidad civil y asistencia en viaje, repatriaci\u00f3n, acompa\u00f1amiento de un familiar en caso de hospitalizaci\u00f3n, etc\u2026 con MAPFRE, una de las mejores compa\u00f1\u00edas del mercado. Por cuestiones de seguridad y riesgo, es recomendable contratar el seguro (40 \u20ac\/mes)<\/p>\n<p><strong>C\u00e1lculo del precio<\/strong><br \/>\nEn la p\u00e1gina de cada escuela, de cada destino, encontraras los precios de los distintos cursos y tipos de alojamiento ofrecidos<\/p>\n<ul>\n<li>Precio de las clases (+ matr\u00edcula si lo indica el programa)<\/li>\n<li>Alojamiento y alimentaci\u00f3n (opcional)<\/li>\n<li>Seguro de viaje Mapfre (opcional)<\/li>\n<li>Vuelo (opcional)<\/li>\n<li>Traslado al alojamiento (opcional)<\/li>\n<\/ul>\n","protected":false},"excerpt":{"rendered":"<p>\u00bfPorqu\u00e9 BUS? \u2026porque hablar ingl\u00e9s es una necesidad para cualquier carrera y no hablarlo es una clara barrera hacia el \u00e9xito \u2026porque en BUS te facilitamos todos los servicios necesarios para llevarlo a cabo \u2026porque BUS es de las pocas agencias que conoce todas las escuelas en persona \u2026porque BUS garantiza el mismo precio que [&hellip;]<\/p>\n","protected":false},"author":1,"featured_media":0,"parent":0,"menu_order":0,"comment_status":"closed","ping_status":"closed","template":"","meta":{"_genesis_hide_title":false,"_genesis_hide_breadcrumbs":false,"_genesis_hide_singular_image":false,"_genesis_hide_footer_widgets":false,"_genesis_custom_body_class":"","_genesis_custom_post_class":"","_genesis_layout":"full-width-content"},"aioseo_notices":[],"_links":{"self":[{"href":"https:\/\/busidiomas.com\/cursos-adultos\/wp-json\/wp\/v2\/pages\/4987"}],"collection":[{"href":"https:\/\/busidiomas.com\/cursos-adultos\/wp-json\/wp\/v2\/pages"}],"about":[{"href":"https:\/\/busidiomas.com\/cursos-adultos\/wp-json\/wp\/v2\/types\/page"}],"author":[{"embeddable":true,"href":"https:\/\/busidiomas.com\/cursos-adultos\/wp-json\/wp\/v2\/users\/1"}],"replies":[{"embeddable":true,"href":"https:\/\/busidiomas.com\/cursos-adultos\/wp-json\/wp\/v2\/comments?post=4987"}],"version-history":[{"count":2,"href":"https:\/\/busidiomas.com\/cursos-adultos\/wp-json\/wp\/v2\/pages\/4987\/revisions"}],"predecessor-version":[{"id":5049,"href":"https:\/\/busidiomas.com\/cursos-adultos\/wp-json\/wp\/v2\/pages\/4987\/revisions\/5049"}],"wp:attachment":[{"href":"https:\/\/busidiomas.com\/cursos-adultos\/wp-json\/wp\/v2\/media?parent=4987"}],"curies":[{"name":"wp","href":"https:\/\/api.w.org\/{rel}","templated":true}]}}