{"id":5050,"date":"2016-05-25T17:36:12","date_gmt":"2016-05-25T15:36:12","guid":{"rendered":"http:\/\/busidiomas.com\/cursos-adultos\/?page_id=5050"},"modified":"2016-05-25T17:36:12","modified_gmt":"2016-05-25T15:36:12","slug":"mbarrhh","status":"publish","type":"page","link":"https:\/\/busidiomas.com\/cursos-adultos\/mbarrhh\/","title":{"rendered":"MBA\/RRHH"},"content":{"rendered":"<h2>TOEIC\u00ae (Test of English for International Communication\u2122)<\/h2>\n<p>BUS es centro oficial para realizar ex\u00e1menes TOEIC\u00ae. Esta prueba reconocida internacionalmente, permite la evaluaci\u00f3n del nivel de Ingl\u00e9s del participante con puntuaciones independientes y objetivas en las 4 habilidades:<\/p>\n<p><strong>Escritura:<\/strong> capacidad para identificar y utilizar estructuras gramaticales.<\/p>\n<p><strong>Conversaci\u00f3n:<\/strong> capacidad para utilizar y comprender ingl\u00e9s conversacional.<\/p>\n<p><strong>Comprensi\u00f3n oral:<\/strong> capacidad para comprender ingl\u00e9s hablado en diferentes tonalidades, entender palabras por su contexto, diferenciar palabras de pronunciaci\u00f3n similar, etc.<\/p>\n<p><strong>Lectura:<\/strong> comprensi\u00f3n de textos y diferenciaci\u00f3n de sus secciones.<\/p>\n<p>Esta prueba, utilizada por m\u00e1s de 5 millones de candidatos al a\u00f1o, es el est\u00e1ndar de medida de las competencias ling\u00fc\u00edsticas del ingl\u00e9s comercial en el contexto laboral internacional.<\/p>\n<ul>\n<li>Proporciona una valoraci\u00f3n objetiva de la capacidad de utilizar el ingl\u00e9s en un contexto laboral.<\/li>\n<li>Es un certificado valorado en el mundo profesional.<\/li>\n<li>Es un criterio de desempe\u00f1o aceptado internacionalmente.<\/li>\n<li>Es altamente fiable; las puntuaciones son precisas y consistentes.<\/li>\n<li>Tiene un coste razonable.<\/li>\n<li>Los resultados se obtienen r\u00e1pidamente.<\/li>\n<li>Su escala de puntuaciones permite controlar el progreso realizado.<\/li>\n<li>Motiva a los usuarios a mejorar su nivel de ingl\u00e9s<\/li>\n<\/ul>\n<p>El proceso de desarrollo de los formularios del test cumple con los m\u00e1s estrictos est\u00e1ndares de calidad y est\u00e1 basado en rigurosos criterios psicom\u00e9tricos. Cada elemento es puesto a prueba para comprobar que eval\u00faa lo que debe de manera imparcial, v\u00e1lida y fiable. El test est\u00e1 validado en forma paralela, pudiendo compararse diferentes ex\u00e1menes y diferentes grupos de examinados.<\/p>\n<h2>GMAT (Graduate Management Admisi\u00f3n Test)<\/h2>\n<p>Un MBA es el mejor complemento para cualquier carrera universitaria. El aumento de licenciados y un mercado m\u00e1s competitivo hacen que el titulo universitario y el dominio del ingl\u00e9s no sean requisitos suficientes para acceder a los mejores puestos de trabajo.<\/p>\n<p>El MBA lo ofrecen miles de escuelas en todo el mundo, aunque solo las mejores suponen una garant\u00eda de exclusividad en el curr\u00edculum. Nos referimos a IESE, London Business School, ESADE, Harvard, Instituto de Empresa, INSEAD, Wharton, Stanford, MIT, Carnagie Mellon o Columbia, entre otras.<\/p>\n<p>Uno de los requisitos para ser admitido en un MBA es el GMAT, prueba que valora las capacidades matem\u00e1ticas, verbales y anal\u00edticas de los aspirantes en condiciones de igualdad, aportando objetividad a la evaluaci\u00f3n y constituyendo un instrumento muy certero a la hora de predecir el \u00e9xito acad\u00e9mico a uno o dos a\u00f1os vista.<\/p>\n<p>Duraci\u00f3n del programa: 12 semanas (4 en USA + 8 de preparaci\u00f3n individual)<\/p>\n<p>Edad m\u00ednima: 18 a\u00f1os.<\/p>\n<p>Nivel de ingl\u00e9s m\u00ednimo: TOEFL IBT 79.<\/p>\n<p><strong>Detalles del programa:<\/strong><\/p>\n<ul>\n<li>4 semanas de curso en EEUU, con 12 clases\/semana de preparaci\u00f3n del GMAT y 20 sesiones de estudio individual estructurado.<\/li>\n<li>8 semanas de preparaci\u00f3n estructurada (en USA o de regreso a Espa\u00f1a), donde podr\u00e1s acceder a todo el material necesario para una correcta preparaci\u00f3n individual de la prueba. Adem\u00e1s, podr\u00e1s mantener contacto con la escuela para aclarar todos aquellos aspectos que consideres necesarios durante tu estudio en casa.<\/li>\n<li>Acceso ilimitado para poder realizar ex\u00e1menes de prueba.<\/li>\n<\/ul>\n","protected":false},"excerpt":{"rendered":"<p>TOEIC\u00ae (Test of English for International Communication\u2122) BUS es centro oficial para realizar ex\u00e1menes TOEIC\u00ae. Esta prueba reconocida internacionalmente, permite la evaluaci\u00f3n del nivel de Ingl\u00e9s del participante con puntuaciones independientes y objetivas en las 4 habilidades: Escritura: capacidad para identificar y utilizar estructuras gramaticales. Conversaci\u00f3n: capacidad para utilizar y comprender ingl\u00e9s conversacional. Comprensi\u00f3n oral: [&hellip;]<\/p>\n","protected":false},"author":1,"featured_media":0,"parent":0,"menu_order":0,"comment_status":"closed","ping_status":"closed","template":"","meta":{"_genesis_hide_title":false,"_genesis_hide_breadcrumbs":false,"_genesis_hide_singular_image":false,"_genesis_hide_footer_widgets":false,"_genesis_custom_body_class":"","_genesis_custom_post_class":"","_genesis_layout":""},"aioseo_notices":[],"_links":{"self":[{"href":"https:\/\/busidiomas.com\/cursos-adultos\/wp-json\/wp\/v2\/pages\/5050"}],"collection":[{"href":"https:\/\/busidiomas.com\/cursos-adultos\/wp-json\/wp\/v2\/pages"}],"about":[{"href":"https:\/\/busidiomas.com\/cursos-adultos\/wp-json\/wp\/v2\/types\/page"}],"author":[{"embeddable":true,"href":"https:\/\/busidiomas.com\/cursos-adultos\/wp-json\/wp\/v2\/users\/1"}],"replies":[{"embeddable":true,"href":"https:\/\/busidiomas.com\/cursos-adultos\/wp-json\/wp\/v2\/comments?post=5050"}],"version-history":[{"count":1,"href":"https:\/\/busidiomas.com\/cursos-adultos\/wp-json\/wp\/v2\/pages\/5050\/revisions"}],"predecessor-version":[{"id":5051,"href":"https:\/\/busidiomas.com\/cursos-adultos\/wp-json\/wp\/v2\/pages\/5050\/revisions\/5051"}],"wp:attachment":[{"href":"https:\/\/busidiomas.com\/cursos-adultos\/wp-json\/wp\/v2\/media?parent=5050"}],"curies":[{"name":"wp","href":"https:\/\/api.w.org\/{rel}","templated":true}]}}