{"id":5055,"date":"2016-05-25T17:39:07","date_gmt":"2016-05-25T15:39:07","guid":{"rendered":"http:\/\/busidiomas.com\/cursos-adultos\/?page_id=5055"},"modified":"2016-05-25T17:39:07","modified_gmt":"2016-05-25T15:39:07","slug":"nivel-de-idioma","status":"publish","type":"page","link":"https:\/\/busidiomas.com\/cursos-adultos\/nivel-de-idioma\/","title":{"rendered":"Nivel de Idioma"},"content":{"rendered":"<h2>6 Pre-Biling\u00fce<\/h2>\n<p>Puede entender con facilidad pr\u00e1cticamente todo lo que oye o lee. Puede resumir informaci\u00f3n de diferentes or\u00edgenes tanto de manera escrita como hablada, reconstruyendo argumentos e historias en una presentaci\u00f3n coherente. Puede expresarse de manera espont\u00e1nea, de manera precisa y con mucha fluidez, diferenciando clases de significado incluso en las situaciones m\u00e1s complejas.<\/p>\n<h2>5 Avanzado<\/h2>\n<p>Puede entender una amplia variedad de textos largos y reconocer su significado impl\u00edcito. Puede expresarse con fluidez y de manera espont\u00e1nea sin la obvia b\u00fasqueda de expresiones. Puede usar el idioma de manera flexible y de manera efectiva para prop\u00f3sitos sociales, acad\u00e9micos y profesionales. Puede formar textos claros, bien estructurados y detallados sobre temas complejos, demostrando un uso controlado de los esquemas organizativos, de los conectores, y de mecanismos cohesivos. Experimenta alg\u00fan problema en contextos y vocabulario desconocidos.<\/p>\n<h2>4 Alto intermedio<\/h2>\n<p>Puede entender las principales ideas de un texto complejo sobre temas abstractos o concretos, incluyendo discusiones en su campo de especializaci\u00f3n. Puede relacionarse con un grado de fluidez y espontaneidad que hace posible la relaci\u00f3n con hablantes nativos sin esfuerzo por ninguna de las partes. Puede crear textos detallados y claros sobre una amplia variedad de temas y exponer su punto de vista sobre un t\u00f3pico ofreciendo las ventajas y las desventajas sobre varias opciones. No entiende el 100% de lo que se habla.<\/p>\n<h2>3 Intermedio<\/h2>\n<p>Puede entender los principales puntos de temas familiares de la vida diaria en el trabajo, el colegio, de ocio\u2026 Puede abordar las diferentes situaciones que le puedan ocurrir mientras que viaja en una zona donde se habla el idioma. Puede realizar textos sencillos sobre t\u00f3picos que le son familiares o de inter\u00e9s personal. Puede describir experiencias y sucesos, sue\u00f1os, aspiraciones y ambiciones y dar breves opiniones y explicaciones sobre planes. Experimenta problemas con la gram\u00e1tica y el vocabulario complejo.<\/p>\n<h2>2 Pre-intermedio<\/h2>\n<p>Puede entender frases y expresiones frecuentes relacionadas con aspectos cercanos (por ejemplo<\/p>\n<p>informaci\u00f3n de la familia e informaci\u00f3n personal muy b\u00e1sica, sobre compras, sobre geograf\u00eda local, empleo). Puede comunicarse a la hora de realizar tareas simples y rutinarias que requieran un intercambio simple y directo de informaci\u00f3n sobre temas familiares o rutinarios. Puede describir aspectos simples de su vida, de su entorno m\u00e1s cercano y sobre temas de inmediata necesidad.<\/p>\n<h2>1 Elemental<\/h2>\n<p>Puede entender y usar expresiones familiares de cada d\u00eda y frases muy b\u00e1sicas para la satisfacci\u00f3n de<\/p>\n<p>necesidades de un tipo determinado. Puede presentarse y presentar a otros y puede preguntar y contestar preguntas sobre cosas personales como donde vive, la gente que conoce y las cosas que tiene. Puede relacionarse de manera simple siempre y cuando la otra persona hable despacio y con claridad.<\/p>\n","protected":false},"excerpt":{"rendered":"<p>6 Pre-Biling\u00fce Puede entender con facilidad pr\u00e1cticamente todo lo que oye o lee. Puede resumir informaci\u00f3n de diferentes or\u00edgenes tanto de manera escrita como hablada, reconstruyendo argumentos e historias en una presentaci\u00f3n coherente. Puede expresarse de manera espont\u00e1nea, de manera precisa y con mucha fluidez, diferenciando clases de significado incluso en las situaciones m\u00e1s complejas. [&hellip;]<\/p>\n","protected":false},"author":1,"featured_media":0,"parent":0,"menu_order":0,"comment_status":"closed","ping_status":"closed","template":"","meta":{"_genesis_hide_title":false,"_genesis_hide_breadcrumbs":false,"_genesis_hide_singular_image":false,"_genesis_hide_footer_widgets":false,"_genesis_custom_body_class":"","_genesis_custom_post_class":"","_genesis_layout":""},"aioseo_notices":[],"_links":{"self":[{"href":"https:\/\/busidiomas.com\/cursos-adultos\/wp-json\/wp\/v2\/pages\/5055"}],"collection":[{"href":"https:\/\/busidiomas.com\/cursos-adultos\/wp-json\/wp\/v2\/pages"}],"about":[{"href":"https:\/\/busidiomas.com\/cursos-adultos\/wp-json\/wp\/v2\/types\/page"}],"author":[{"embeddable":true,"href":"https:\/\/busidiomas.com\/cursos-adultos\/wp-json\/wp\/v2\/users\/1"}],"replies":[{"embeddable":true,"href":"https:\/\/busidiomas.com\/cursos-adultos\/wp-json\/wp\/v2\/comments?post=5055"}],"version-history":[{"count":1,"href":"https:\/\/busidiomas.com\/cursos-adultos\/wp-json\/wp\/v2\/pages\/5055\/revisions"}],"predecessor-version":[{"id":5056,"href":"https:\/\/busidiomas.com\/cursos-adultos\/wp-json\/wp\/v2\/pages\/5055\/revisions\/5056"}],"wp:attachment":[{"href":"https:\/\/busidiomas.com\/cursos-adultos\/wp-json\/wp\/v2\/media?parent=5055"}],"curies":[{"name":"wp","href":"https:\/\/api.w.org\/{rel}","templated":true}]}}