{"id":5057,"date":"2016-05-25T17:40:05","date_gmt":"2016-05-25T15:40:05","guid":{"rendered":"http:\/\/busidiomas.com\/cursos-adultos\/?page_id=5057"},"modified":"2016-05-25T17:40:05","modified_gmt":"2016-05-25T15:40:05","slug":"tipos-de-curso","status":"publish","type":"page","link":"https:\/\/busidiomas.com\/cursos-adultos\/tipos-de-curso\/","title":{"rendered":"Tipos de Curso"},"content":{"rendered":"<h2>GENERAL<\/h2>\n<p>Es el curso m\u00e1s habitual que se imparte en casi todas las escuelas, con un amplio rango de habilidades ling\u00fc\u00edsticas<\/p>\n<p>(gram\u00e1tica, vocabulario, conversaci\u00f3n, pronunciaci\u00f3n, lectura, comprensi\u00f3n, etc.). Se suelen impartir todos los niveles con una duraci\u00f3n m\u00ednima de dos semanas, con clases de entre 15 y 30 horas semanales.<\/p>\n<p><strong>\u00a0<\/strong><\/p>\n<h2>EXAMENES<\/h2>\n<p>Para los que quieran obtener una titulaci\u00f3n oficial, adem\u00e1s de recibir un curso de ingl\u00e9s general, aprender\u00e1n los aspectos estrat\u00e9gicos para realizar el correspondiente examen:<\/p>\n<p><strong>Ingl\u00e9s<\/strong>: GMAT<strong>| <\/strong>TOEFL<strong>| <\/strong>TOEIC<strong>| <\/strong>BULATS<strong>| <\/strong>PET<strong>| <\/strong>FCE<strong>| <\/strong>CAE<strong>| <\/strong>CPE<strong>| <\/strong>IELTS<\/p>\n<p><strong>Franc\u00e9s: <\/strong>TFI<strong>| <\/strong>DELF<strong>| <\/strong>DALF<strong>| <\/strong>Alliance Francaise<strong>|<\/strong>Paris Chamber of Comerse<\/p>\n<p><strong>Alem\u00e1n: <\/strong>Zertif. Deutsch|Zentrale Mittelstufenpr\u00fcfung<strong>| <\/strong>DSH<strong>| <\/strong>TestDaf<strong>|<\/strong>Kleines\/Grobes Sprachdiplom<\/p>\n<p><strong>\u00a0<\/strong><\/p>\n<h2>ESPECIFICO<\/h2>\n<p>Para aquellos que buscan clases en aficiones espec\u00edficas de inter\u00e9s como inform\u00e1tica, arte, baile, fotograf\u00eda, m\u00fasica, moda, etc\u2026 y otros cursos de diversa \u00edndole, como reducci\u00f3n de acento, cultura general, etc<\/p>\n<p><strong>\u00a0<\/strong><\/p>\n<h2>TRABAJO<\/h2>\n<p>Despu\u00e9s de hacer un curso de idioma previo, generalmente de 4 semanas, podr\u00e1s acceder a una practica de trabajo no remunerada en una empresa extranjera relacionada con tu futura profesi\u00f3n, o bien un trabajo remunerado, normalmente en sector de la hosteler\u00eda.<\/p>\n<p><strong>\u00a0<\/strong><\/p>\n<h2>INMERSION<\/h2>\n<p>Si est\u00e1s dispuesto a integrarte completamente en una familia extranjera y recibir clases particulares, esta es sin duda una de las mejores opciones para mejorar tu nivel de ingl\u00e9s y conocer de verdad la forma de vida del lugar de destino.<\/p>\n<p><strong>\u00a0<\/strong><\/p>\n<h2>50+<\/h2>\n<p>Participantes mayores de 50 a\u00f1os que quieran viajar conociendo la cultura y practicando idiomas.<\/p>\n<p><strong>\u00a0<\/strong><\/p>\n<h2>FAMILIARES<\/h2>\n<p>Cursos seleccionados para posibilitar la participaci\u00f3n de padres e hijos en la misma escuela.<\/p>\n<p><strong>\u00a0<\/strong><\/p>\n<h2>PROFESIONALES<\/h2>\n<p>Cursos destinados a universitarios y profesionales que tienen una base del idioma y quieren complementar su formaci\u00f3n en diferentes \u00e1reas como econom\u00eda, derecho, ingenier\u00eda, arquitectura, marketing, periodismo, medicina, profesorado, aviaci\u00f3n, ventas, banca, finanzas, gesti\u00f3n, etc.<\/p>\n<p><strong>\u00a0<\/strong><\/p>\n<h2>EXECUTIVE<\/h2>\n<p>Cursos exclusivos altamente intensivos, que ofrecen la forma m\u00e1s eficiente de aprendizaje, consiguiendo el m\u00e1ximo progreso posible en el poco tiempo disponible. Con un estudio conductivo, serio y concentrado, en clases individuales y\/o en reducidos grupos que comparte el mismo prop\u00f3sito y compromiso de aprendizaje, hablando, escuchando, leyendo y escribiendo durante todo el d\u00eda. Esta poderosa combinaci\u00f3n requiere una fuerte predisposici\u00f3n a trabajar, pero asegura un aprendizaje ambicioso.<\/p>\n<p>&nbsp;<\/p>\n<h2>ESTUDIOS UNIVERSITARIOS<\/h2>\n<p>Carreras universitarias o estudios de postgrado en universidades extranjeras.<\/p>\n","protected":false},"excerpt":{"rendered":"<p>GENERAL Es el curso m\u00e1s habitual que se imparte en casi todas las escuelas, con un amplio rango de habilidades ling\u00fc\u00edsticas (gram\u00e1tica, vocabulario, conversaci\u00f3n, pronunciaci\u00f3n, lectura, comprensi\u00f3n, etc.). Se suelen impartir todos los niveles con una duraci\u00f3n m\u00ednima de dos semanas, con clases de entre 15 y 30 horas semanales. \u00a0 EXAMENES Para los que [&hellip;]<\/p>\n","protected":false},"author":1,"featured_media":0,"parent":0,"menu_order":0,"comment_status":"closed","ping_status":"closed","template":"","meta":{"_genesis_hide_title":false,"_genesis_hide_breadcrumbs":false,"_genesis_hide_singular_image":false,"_genesis_hide_footer_widgets":false,"_genesis_custom_body_class":"","_genesis_custom_post_class":"","_genesis_layout":""},"aioseo_notices":[],"_links":{"self":[{"href":"https:\/\/busidiomas.com\/cursos-adultos\/wp-json\/wp\/v2\/pages\/5057"}],"collection":[{"href":"https:\/\/busidiomas.com\/cursos-adultos\/wp-json\/wp\/v2\/pages"}],"about":[{"href":"https:\/\/busidiomas.com\/cursos-adultos\/wp-json\/wp\/v2\/types\/page"}],"author":[{"embeddable":true,"href":"https:\/\/busidiomas.com\/cursos-adultos\/wp-json\/wp\/v2\/users\/1"}],"replies":[{"embeddable":true,"href":"https:\/\/busidiomas.com\/cursos-adultos\/wp-json\/wp\/v2\/comments?post=5057"}],"version-history":[{"count":1,"href":"https:\/\/busidiomas.com\/cursos-adultos\/wp-json\/wp\/v2\/pages\/5057\/revisions"}],"predecessor-version":[{"id":5058,"href":"https:\/\/busidiomas.com\/cursos-adultos\/wp-json\/wp\/v2\/pages\/5057\/revisions\/5058"}],"wp:attachment":[{"href":"https:\/\/busidiomas.com\/cursos-adultos\/wp-json\/wp\/v2\/media?parent=5057"}],"curies":[{"name":"wp","href":"https:\/\/api.w.org\/{rel}","templated":true}]}}