{"id":5390,"date":"2017-11-30T15:34:08","date_gmt":"2017-11-30T13:34:08","guid":{"rendered":"http:\/\/busidiomas.com\/cursos-escolares\/?page_id=5390"},"modified":"2017-11-30T16:12:03","modified_gmt":"2017-11-30T14:12:03","slug":"inglaterra-tipos-de-colegios","status":"publish","type":"page","link":"https:\/\/busidiomas.com\/cursos-escolares\/inglaterra-tipos-de-colegios\/","title":{"rendered":"Inglaterra | Tipos de colegios"},"content":{"rendered":"<p><img decoding=\"async\" src=\"http:\/\/busidiomas.com\/cursos-escolares\/wp-content\/uploads\/sites\/3\/2017\/11\/BUSIDIOMAS-PAISES11.jpg\" alt=\"BUSIDIOMAS-PAISES11\" width=\"100%\" class=\"aligncenter size-full wp-image-5397\" srcset=\"https:\/\/busidiomas.com\/cursos-escolares\/wp-content\/uploads\/sites\/3\/2017\/11\/BUSIDIOMAS-PAISES11.jpg 984w, https:\/\/busidiomas.com\/cursos-escolares\/wp-content\/uploads\/sites\/3\/2017\/11\/BUSIDIOMAS-PAISES11-300x179.jpg 300w, https:\/\/busidiomas.com\/cursos-escolares\/wp-content\/uploads\/sites\/3\/2017\/11\/BUSIDIOMAS-PAISES11-768x459.jpg 768w, https:\/\/busidiomas.com\/cursos-escolares\/wp-content\/uploads\/sites\/3\/2017\/11\/BUSIDIOMAS-PAISES11-500x300.jpg 500w, https:\/\/busidiomas.com\/cursos-escolares\/wp-content\/uploads\/sites\/3\/2017\/11\/BUSIDIOMAS-PAISES11-250x149.jpg 250w, https:\/\/busidiomas.com\/cursos-escolares\/wp-content\/uploads\/sites\/3\/2017\/11\/BUSIDIOMAS-PAISES11-550x329.jpg 550w, https:\/\/busidiomas.com\/cursos-escolares\/wp-content\/uploads\/sites\/3\/2017\/11\/BUSIDIOMAS-PAISES11-800x478.jpg 800w, https:\/\/busidiomas.com\/cursos-escolares\/wp-content\/uploads\/sites\/3\/2017\/11\/BUSIDIOMAS-PAISES11-301x180.jpg 301w, https:\/\/busidiomas.com\/cursos-escolares\/wp-content\/uploads\/sites\/3\/2017\/11\/BUSIDIOMAS-PAISES11-502x300.jpg 502w, https:\/\/busidiomas.com\/cursos-escolares\/wp-content\/uploads\/sites\/3\/2017\/11\/BUSIDIOMAS-PAISES11-837x500.jpg 837w\" sizes=\"(max-width: 984px) 100vw, 984px\" \/><\/p>\n<div class=\"one-half first\">\n<div class=\"bus-feature-box\">\n<div class=\"feature-box-icon\"><i class=\"fa fa-user\"><\/i><\/div>\n<\/p><\/div>\n<div class=\"feature-box-info equal\">\n<h4 class=\"bus-titulo-feature-box\"><strong>COLEGIO PRIVADO CON RESIDENCIA O EN FAMILIA<\/strong><\/h4>\n<h4><strong>Prep schools<\/strong><\/h4>\n<p>Ofrecen hasta 1\u00ba de ESO y no m\u00e1s all\u00e1 de los 13 a\u00f1os. Suelen tener un tama\u00f1o m\u00e1s reducido para que los alumnos reciban un trato m\u00e1s cercano y familiar, existiendo de este modo una ense\u00f1anza muy personalizada y una relaci\u00f3n estrecha y cordial entre el profesorado y los alumnos. Realmente, hacen sentir a los estudiantes como en su propia casa. Est\u00e1n situados en el campo o en alguna ciudad peque\u00f1a.<\/p>\n<h4><strong>Senior schools<\/strong><\/h4>\n<p>Son colegios a los que se accede a partir de los 11 a\u00f1os ofreciendo una educaci\u00f3n y una ense\u00f1anza de la m\u00e1s alta calidad. Suelen estar ubicados, en su gran mayor\u00eda, en el extrarradio de las ciudades, rodeados de grandes extensiones de terreno. El n\u00famero de alumnos por clase es reducido, buscando una excelente preparaci\u00f3n para el ingreso en las mejores universidades del pa\u00eds.\n<\/p><\/div>\n<\/div>\n<div class=\"one-half\">\n<div class=\"bus-feature-box\">\n<div class=\"feature-box-icon\"><i class=\"fa fa-users\"><\/i><\/div>\n<\/p><\/div>\n<div class=\"feature-box-info equal\">\n<h4 class=\"bus-titulo-feature-box\"><strong>COLEGIO P\u00daBLICO CON RESIDENCIA O EN FAMILIA<\/strong><\/h4>\n<p>Son colegios p\u00fablicos o subvencionados para alumnos desde los 8 a los 18 a\u00f1os. La mayor\u00eda son externos, y un n\u00famero muy reducido con alojamiento en residencia. El Reino Unido tiene fama mundial por su excelente sistema educativo, ofreciendo una magn\u00edfica formaci\u00f3n tanto a nivel privado como estatal. <\/p>\n<p>Entre los numerosos colegios estatales existentes en este pa\u00eds, BUS ha seleccionado un n\u00famero de ellos que gozan de gran prestigio en su ense\u00f1anza, obteniendo sus alumnos resultados muy altos en sus ex\u00e1menes o parciales, adem\u00e1s de reunir una serie de caracter\u00edsticas \u00f3ptimas para integrar a un estudiante internacional. Los colegios seleccionados suelen estar en zonas alejadas de grandes concentraciones de espa\u00f1oles y en distritos de buen nivel econ\u00f3mico y social.\n<\/p><\/div>\n<\/div>\n<div class=\"clearfix\"><\/div>\n<p><a href=\"http:\/\/busidiomas.com\/cursos-escolares\/?s=&#038;post_type=listing&#038;pais=inglaterra\" class=\"button\">VER CURSOS ESCOLARES EN INGLATERRA<\/a><\/p>\n<div class=\"after-entry\">\n<div class=\"wrap\">\n<section id=\"text-4\" class=\"widget widget_text\">\n<h2>Solicite informaci\u00f3n:<\/h2>\n<p>\n<div class=\"wpcf7 no-js\" id=\"wpcf7-f5329-o1\" lang=\"es-ES\" dir=\"ltr\">\n<div class=\"screen-reader-response\"><p role=\"status\" aria-live=\"polite\" aria-atomic=\"true\"><\/p> <ul><\/ul><\/div>\n<form action=\"\/cursos-escolares\/wp-json\/wp\/v2\/pages\/5390#wpcf7-f5329-o1\" method=\"post\" class=\"wpcf7-form init\" aria-label=\"Formulario de contacto\" novalidate=\"novalidate\" data-status=\"init\">\n<div style=\"display: none;\">\n<input type=\"hidden\" name=\"_wpcf7\" value=\"5329\" \/>\n<input type=\"hidden\" name=\"_wpcf7_version\" value=\"5.7.3\" \/>\n<input type=\"hidden\" name=\"_wpcf7_locale\" value=\"es_ES\" \/>\n<input type=\"hidden\" name=\"_wpcf7_unit_tag\" value=\"wpcf7-f5329-o1\" \/>\n<input type=\"hidden\" name=\"_wpcf7_container_post\" value=\"0\" \/>\n<input type=\"hidden\" name=\"_wpcf7_posted_data_hash\" value=\"\" \/>\n<input type=\"hidden\" name=\"_wpcf7_recaptcha_response\" value=\"\" \/>\n<\/div>\n<div class=\"one-half first\">\n\t<p align=\"left\">Su correo electr\u00f3nico (requerido): <span class=\"wpcf7-form-control-wrap\" data-name=\"your-email\"><input size=\"40\" class=\"wpcf7-form-control wpcf7-text wpcf7-email wpcf7-validates-as-required wpcf7-validates-as-email\" aria-required=\"true\" aria-invalid=\"false\" value=\"\" type=\"email\" name=\"your-email\" \/><\/span>\n\t<\/p>\n\t<p><label><br \/>\n<\/label>\n\t<\/p>\n<\/div>\n<div class=\"one-half\">\n\t<p><label><br \/>\n<\/label>\n\t<\/p>\n\t<p align=\"right\"><input class=\"wpcf7-form-control has-spinner wpcf7-submit\" type=\"submit\" value=\"Enviar\" \/>\n\t<\/p>\n<\/div><p style=\"display: none !important;\"><label>&#916;<textarea name=\"_wpcf7_ak_hp_textarea\" cols=\"45\" rows=\"8\" maxlength=\"100\"><\/textarea><\/label><input type=\"hidden\" id=\"ak_js_1\" name=\"_wpcf7_ak_js\" value=\"59\"\/><script>document.getElementById( \"ak_js_1\" ).setAttribute( \"value\", ( new Date() ).getTime() );<\/script><\/p><div class=\"wpcf7-response-output\" aria-hidden=\"true\"><\/div>\n<\/form>\n<\/div>\n<br \/>\n<\/section>\n<\/div>\n<\/div>\n<div class=\"clearfix\"><\/div>\n","protected":false},"excerpt":{"rendered":"<p>COLEGIO PRIVADO CON RESIDENCIA O EN FAMILIA Prep schools Ofrecen hasta 1\u00ba de ESO y no m\u00e1s all\u00e1 de los 13 a\u00f1os. Suelen tener un tama\u00f1o m\u00e1s reducido para que los alumnos reciban un trato m\u00e1s cercano y familiar, existiendo de este modo una ense\u00f1anza muy personalizada y una relaci\u00f3n estrecha y cordial entre el [&hellip;]<\/p>\n","protected":false},"author":1,"featured_media":5397,"parent":0,"menu_order":0,"comment_status":"closed","ping_status":"closed","template":"","meta":{"_genesis_hide_title":false,"_genesis_hide_breadcrumbs":false,"_genesis_hide_singular_image":false,"_genesis_hide_footer_widgets":false,"_genesis_custom_body_class":"","_genesis_custom_post_class":"","_genesis_layout":"content-sidebar"},"aioseo_notices":[],"acf":[],"_links":{"self":[{"href":"https:\/\/busidiomas.com\/cursos-escolares\/wp-json\/wp\/v2\/pages\/5390"}],"collection":[{"href":"https:\/\/busidiomas.com\/cursos-escolares\/wp-json\/wp\/v2\/pages"}],"about":[{"href":"https:\/\/busidiomas.com\/cursos-escolares\/wp-json\/wp\/v2\/types\/page"}],"author":[{"embeddable":true,"href":"https:\/\/busidiomas.com\/cursos-escolares\/wp-json\/wp\/v2\/users\/1"}],"replies":[{"embeddable":true,"href":"https:\/\/busidiomas.com\/cursos-escolares\/wp-json\/wp\/v2\/comments?post=5390"}],"version-history":[{"count":7,"href":"https:\/\/busidiomas.com\/cursos-escolares\/wp-json\/wp\/v2\/pages\/5390\/revisions"}],"predecessor-version":[{"id":5395,"href":"https:\/\/busidiomas.com\/cursos-escolares\/wp-json\/wp\/v2\/pages\/5390\/revisions\/5395"}],"wp:featuredmedia":[{"embeddable":true,"href":"https:\/\/busidiomas.com\/cursos-escolares\/wp-json\/wp\/v2\/media\/5397"}],"wp:attachment":[{"href":"https:\/\/busidiomas.com\/cursos-escolares\/wp-json\/wp\/v2\/media?parent=5390"}],"curies":[{"name":"wp","href":"https:\/\/api.w.org\/{rel}","templated":true}]}}