{"id":5059,"date":"2016-05-05T13:34:48","date_gmt":"2016-05-05T11:34:48","guid":{"rendered":"http:\/\/busidiomas.com\/cursos-verano\/?page_id=5059"},"modified":"2017-02-16T21:09:36","modified_gmt":"2017-02-16T19:09:36","slug":"servicios-bus","status":"publish","type":"page","link":"https:\/\/busidiomas.com\/cursos-verano\/servicios-bus\/","title":{"rendered":"Servicios BUS"},"content":{"rendered":"<p><strong>CAR\u00c1CTER SELECTIVO<br \/>\n<\/strong>Todos los programas de BUS idiomas han sido auditados y seleccionados entre miles de opciones. El listado de programas est\u00e1 en permanente evoluci\u00f3n a trav\u00e9s de visitas que el equipo hace cada a\u00f1o, escogiendo solo aquellos que cumplen nuestros est\u00e1ndares de calidad en la ense\u00f1anza, alojamiento y actividades, as\u00ed como los de los organismos que regulan la actividad en cada pa\u00eds. Los profesionales de BUS, adem\u00e1s, profundizan en otros muchos detalles de gran importancia, como la cantidad de hispanohablantes, el ambiente que se respira, la filosof\u00eda del programa, si existe alguna creencia religiosa impl\u00edcita, la limpieza, el estado de las instalaciones, el entusiasmo, la profesionalidad y la seguridad con la que se trabaja, etc. Gracias a los a\u00f1os de actividad, estos criterios de calidad los conocemos por experiencia, en especial la capacidad resolutiva demostrada ante eventuales dificultades. Aquellos que empeoran su calidad, que demuestran actuar de forma interesada ante un problema o, simplemente, han cambiado su estrategia hacia el volumen, en detrimento de la calidad, han sido eliminados de nuestra selecci\u00f3n.<\/p>\n<p><strong>CALIDAD DE ENSE\u00d1ANZA<\/strong><br \/>\nBUS solo selecciona escuelas cuyos profesores sean profesionales titulados y con experiencia, con una baja rotaci\u00f3n. Que sean entusiastas. Que consigan motivar a los alumnos a participar e involucrarse en el aprendizaje del idioma.<\/p>\n<p><strong>ASESORAMIENTO PERSONALIZADO<\/strong><br \/>\nSomos consultores educativos y nuestra labor se centra en que la elecci\u00f3n de las m\u00faltiples opciones que se plantean sea acertada y se adapte a las necesidades de cada uno, reduciendo as\u00ed algo tan importante como el riesgo de elegir un programa equivocado. Es nuestro objetivo plasmar la realidad. Por ello, cada familia es atendida individualmente, una a una, aunque sea un programa de grupo.<\/p>\n<p><strong>PLASMANDO LA REALIDAD<\/strong><br \/>\nEl objetivo de BUS es que las expectativas creadas sean reales. Para ello, desmenuzamos los detalles de cada programa con el fin de ofrecer una informaci\u00f3n objetiva y comprensible, conociendo otros aspectos de gran importancia que las escuelas no incluyen en su publicidad, como la proporci\u00f3n de alumnos que van en grupo o a nivel individual, las distancias, las horas permitidas de llegada y salida y otras dudas que los padres quieran aclarar.<\/p>\n<p><strong>CUENTAS CLARAS<\/strong><br \/>\nEl equipo administrativo calcula con exactitud y transparencia los precios de cada curso, diferenciando lo que es tarifa de la escuela y la de BUS, e indicando las partidas a sumar que inicialmente no indican las escuelas. As\u00ed se evitan sorpresas.<\/p>\n<p><strong>PRECIO vs CALIDAD<\/strong><br \/>\nCasi siempre, la calidad est\u00e1 relacionada con el precio. Ciertamente, elegimos cursos de calidad. Incluso para el curso de inferior categor\u00eda nos aseguramos del cumplimiento de unos requisitos m\u00ednimos, especialmente cuando se trata de ni\u00f1os. Si reducimos 300 \u20ac de un programa de tres semanas, nos vamos a escuelas que empeoran desproporcionadamente elementos de gran importancia, ya sea por la b\u00fasqueda de volumen y rentabilidad o por la ausencia de profesionalidad. En cualquier caso, pensamos que no merece la pena.<\/p>\n<p><strong>BUS SE ENCARGA DE TODO<\/strong><br \/>\nUna vez se matricule en un curso, puede despreocuparse. BUS se encarga de todo: proceso de reserva, los flujos de informaci\u00f3n y documentaci\u00f3n, la entrega del material, informaci\u00f3n para preparar la maleta, documentaci\u00f3n necesaria, horarios, el viaje, consejos, direcciones, tel\u00e9fonos, comunicaci\u00f3n con los padres, etc.<\/p>\n<p><strong>DURANTE EL DESARROLLO DEL PROGRAMA <\/strong><br \/>\nTras comenzar el programa, BUS idiomas velar\u00e1 por la buena marcha y el cumplimiento de lo comprometido por parte de cada escuela, empresa de transporte, etc. Adem\u00e1s de atender las necesidades de los padres y alumnos, se encarga de asesorar cada duda e influir en la resoluci\u00f3n de incidencias.<\/p>\n<p><strong>SIEMPRE CONECTADOS<\/strong><br \/>\n24 horas al d\u00eda, los 365 d\u00edas del a\u00f1o. BUS idiomas mantiene una l\u00ednea m\u00f3vil de emergencia para atender a los padres y alumnos que as\u00ed lo necesiten, incluso fuera del horario laboral.<\/p>\n<p><strong>ALOJAMIENTO DE CALIDAD<\/strong><br \/>\nEl alojamiento en Familia es un tema de enorme importancia. El mundo es muy diverso y lo que ocurre en el interior de una familia es, para nosotros, una informaci\u00f3n fundamental antes de decidir si alojar a un alumno en ella. Por eso, en la selecci\u00f3n de programas con alojamiento en familia somos extremadamente discriminatorios. De hecho, hay escuelas con las que trabajamos su programa en residencia, pero no el de familia. Para tomar esta decisi\u00f3n, estudiamos con verdadero esmero y delicada atenci\u00f3n la forma en que se lleva a cabo:<br \/>\n.\u00a0\u00a0 \u00a0El proceso de selecci\u00f3n, teniendo en cuenta factores tan importantes como la formaci\u00f3n moral, cultural y social, y las referencias del entorno de la familia.<br \/>\n.\u00a0\u00a0 \u00a0El proceso de asignaci\u00f3n, valorando las combinaciones que m\u00e1s se adecuan a cada alumno.<br \/>\n.\u00a0\u00a0 \u00a0La capacidad de respuesta de la escuela ante la necesidad de un cambio de familia.<br \/>\nEl alojamiento en Colegio, Residencia o Campamento no deja de ser supervisado exhaustivamente por su menor grado de preocupaci\u00f3n.<\/p>\n<p><strong>VUELOS <\/strong><br \/>\nIberia nos sigue demostrando ser una de las compa\u00f1\u00edas m\u00e1s eficientes en cuanto a servicio de atenci\u00f3n a menores, resoluci\u00f3n de problemas, etc. Adem\u00e1s, esta compa\u00f1\u00eda a\u00e9rea es la patrocinadora oficial de nuestros programas. No obstante, siempre proponemos la compa\u00f1\u00eda a\u00e9rea m\u00e1s econ\u00f3mica y adecuada, teniendo en cuenta las fechas y horas establecidas en cada programa para la llegada y salida.<\/p>\n<p><strong>SEGURO DE VIAJE <\/strong><br \/>\nTodos los programas de este cat\u00e1logo, excepto los campamentos en Espa\u00f1a, llevan incluido un seguro de viaje con las coberturas esenciales: responsabilidad civil, p\u00e9rdida de equipajes, repatriaci\u00f3n y asistencia sanitaria adicional a la sanidad p\u00fablica de la que cada alumno disfruta con la tarjeta sanitaria europea, que debe llevar en los programas que tienen lugar dentro de la UE. Las coberturas y condiciones generales est\u00e1n a disposici\u00f3n del participante, que tambi\u00e9n puede aumentar las coberturas incluidas si lo desea. La experiencia con otras compa\u00f1\u00edas y la importancia de su capacidad de respuesta nos llevaron a seleccionar a Mapfre, una de las mejores compa\u00f1\u00edas del mercado.<br \/>\nEn los campamentos en Espa\u00f1a es el propio campamento el responsable de asegurar a los alumnos.<\/p>\n<p><strong>SEGURO DE CANCELACI\u00d3N <\/strong><br \/>\nQu\u00e9date m\u00e1s tranquilo con el seguro de cancelaci\u00f3n, que garantiza la devoluci\u00f3n de la totalidad de los pagos realizados, incluso por suspensos. Las coberturas y condiciones generales est\u00e1n a disposici\u00f3n del participante.<\/p>\n<p><strong>MOCHILA Y POLO <\/strong><br \/>\nTodos los alumnos de BUS que salen al extranjero reciben prendas de material duradero. Nuestras marcas de alta calidad son The Nort Face, Eastpak, Slazenger, PGA Tour, etc.<\/p>\n<p><strong>TARJETA MONEDERO <\/strong><br \/>\nPara la gesti\u00f3n del dinero de bolsillo y compras, como alternativa a una tarjeta de d\u00e9bito, BUS facilita una tarjeta MasterCard con control parental y sin necesidad de cuenta bancaria.<\/p>\n<p><strong>OTROS PROGRAMAS<\/strong><br \/>\nSi alg\u00fan padre o madre quiere un programa que no encuentra en nuestra selecci\u00f3n, no dude en pedirnos informaci\u00f3n. Probablemente sea un programa que BUS conoce y que podr\u00e1 valorar con exactitud. Si cumple con nuestros requisitos de calidad, estaremos encantados de gestionarle el programa.<\/p>\n","protected":false},"excerpt":{"rendered":"<p>CAR\u00c1CTER SELECTIVO Todos los programas de BUS idiomas han sido auditados y seleccionados entre miles de opciones. El listado de programas est\u00e1 en permanente evoluci\u00f3n a trav\u00e9s de visitas que el equipo hace cada a\u00f1o, escogiendo solo aquellos que cumplen nuestros est\u00e1ndares de calidad en la ense\u00f1anza, alojamiento y actividades, as\u00ed como los de los [&hellip;]<\/p>\n","protected":false},"author":1,"featured_media":0,"parent":0,"menu_order":3,"comment_status":"closed","ping_status":"closed","template":"","meta":{"_genesis_hide_title":false,"_genesis_hide_breadcrumbs":false,"_genesis_hide_singular_image":false,"_genesis_hide_footer_widgets":false,"_genesis_custom_body_class":"","_genesis_custom_post_class":"","_genesis_layout":"full-width-content"},"aioseo_notices":[],"acf":[],"_links":{"self":[{"href":"https:\/\/busidiomas.com\/cursos-verano\/wp-json\/wp\/v2\/pages\/5059"}],"collection":[{"href":"https:\/\/busidiomas.com\/cursos-verano\/wp-json\/wp\/v2\/pages"}],"about":[{"href":"https:\/\/busidiomas.com\/cursos-verano\/wp-json\/wp\/v2\/types\/page"}],"author":[{"embeddable":true,"href":"https:\/\/busidiomas.com\/cursos-verano\/wp-json\/wp\/v2\/users\/1"}],"replies":[{"embeddable":true,"href":"https:\/\/busidiomas.com\/cursos-verano\/wp-json\/wp\/v2\/comments?post=5059"}],"version-history":[{"count":9,"href":"https:\/\/busidiomas.com\/cursos-verano\/wp-json\/wp\/v2\/pages\/5059\/revisions"}],"predecessor-version":[{"id":5586,"href":"https:\/\/busidiomas.com\/cursos-verano\/wp-json\/wp\/v2\/pages\/5059\/revisions\/5586"}],"wp:attachment":[{"href":"https:\/\/busidiomas.com\/cursos-verano\/wp-json\/wp\/v2\/media?parent=5059"}],"curies":[{"name":"wp","href":"https:\/\/api.w.org\/{rel}","templated":true}]}}